{"id":2285,"date":"2026-04-20T10:20:23","date_gmt":"2026-04-20T09:20:23","guid":{"rendered":"https:\/\/elfconnect.eu\/erisilebilirlik\/"},"modified":"2026-04-20T10:22:41","modified_gmt":"2026-04-20T09:22:41","slug":"erisilebilirlik","status":"publish","type":"page","link":"https:\/\/elfconnect.eu\/tr\/erisilebilirlik\/","title":{"rendered":"Eri\u015filebilirlik"},"content":{"rendered":"\n<h2 class=\"wp-block-heading\"><strong>ELF Connect i\u00e7in Eri\u015filebilirlik Beyan\u0131<\/strong><\/h2>\n\n<p>The <a href=\"http:\/\/www.europeanlung.org\">Avrupa Akci\u011fer Vakf\u0131<\/a>, ELF Connect&#8217;i t\u00fcm kullan\u0131c\u0131lar i\u00e7in m\u00fcmk\u00fcn oldu\u011funca eri\u015filebilir ve kapsay\u0131c\u0131 hale getirmeyi taahh\u00fct etmektedir. Geni\u015f bir cihaz, taray\u0131c\u0131 ve yard\u0131mc\u0131 teknoloji yelpazesinde \u00e7al\u0131\u015fan bir platform sunmay\u0131 hedefliyoruz ve platform geli\u015ftik\u00e7e eri\u015filebilirli\u011fi g\u00f6zden ge\u00e7irmeye ve iyile\u015ftirmeye devam ediyoruz. <\/p>\n\n<p>ELF Connect&#8217;i m\u00fcmk\u00fcn oldu\u011funca \u00e7ok ki\u015finin g\u00fcvenle ve kolayl\u0131kla kullanabilmesini istiyoruz. Bu, kullan\u0131c\u0131lar\u0131n \u015funlar\u0131 yapabilmesini sa\u011flamay\u0131 hedeflemeyi i\u00e7erir: <\/p>\n\n<ul class=\"wp-block-list\">\n<li>platformun \u00e7o\u011funda klavye kullanarak gezinmek<\/li>\n\n\n\n<li>platformu modern ekran okuyucular ve di\u011fer yard\u0131mc\u0131 teknolojilerle kullanmak<\/li>\n\n\n\n<li>i\u00e7erik veya i\u015flevsellik kayb\u0131 olmadan yak\u0131nla\u015ft\u0131rmak<\/li>\n\n\n\n<li>i\u00e7eri\u011fe masa\u00fcst\u00fc, tablet ve mobil cihazlar \u00fczerinden eri\u015fmek<\/li>\n\n\n\n<li>m\u00fcmk\u00fcn oldu\u011funca a\u00e7\u0131k ve eri\u015filebilir bir dilde sunulan bilgileri anlamak<\/li>\n<\/ul>\n\n<h2 class=\"wp-block-heading\"><strong>Eri\u015filebilirli\u011fin De\u011fi\u015febilece\u011fi Durumlar<\/strong><\/h2>\n\n<p>ELF Connect&#8217;in baz\u0131 b\u00f6l\u00fcmlerinin hen\u00fcz tam olarak eri\u015filebilir olmayabilece\u011fini kabul ediyoruz. Bu durumlar \u015funlar\u0131 i\u00e7erebilir: <\/p>\n\n<ul class=\"wp-block-list\">\n<li>baz\u0131 eski indirilebilir belgeler<\/li>\n\n\n\n<li>orijinal formatlar\u0131nda sunulan PDF dosyalar\u0131 veya \u00fc\u00e7\u00fcnc\u00fc taraf belgeleri<\/li>\n\n\n\n<li>g\u00f6m\u00fcl\u00fc \u00fc\u00e7\u00fcnc\u00fc taraf ara\u00e7lar\u0131 veya hizmetleri<\/li>\n\n\n\n<li>topluluk g\u00f6nderileri, yorumlar veya payla\u015f\u0131lan materyaller gibi kullan\u0131c\u0131 taraf\u0131ndan olu\u015fturulan i\u00e7erikler<\/li>\n\n\n\n<li>hen\u00fcz tam altyaz\u0131, transkript veya alternatif metin i\u00e7ermeyen baz\u0131 sesli, g\u00f6r\u00fcnt\u00fcl\u00fc veya g\u00f6rsel medya<\/li>\n<\/ul>\n\n<p>Bu alanlar\u0131 zamanla m\u00fcmk\u00fcn oldu\u011funca iyile\u015ftirmeyi taahh\u00fct ediyoruz.<\/p>\n\n<h2 class=\"wp-block-heading\"><strong>\u0130ndirilebilir Belgeler<\/strong><\/h2>\n\n<p>M\u00fcmk\u00fcn oldu\u011funca, belgeleri eri\u015filebilir formatlarda sunmay\u0131 hedefliyoruz.<\/p>\n\n<p>Ancak, ELF Connect&#8217;teki baz\u0131 indirilebilir dosyalar, \u00f6zellikle eski belgeler veya \u00fc\u00e7\u00fcnc\u00fc taraflarca sa\u011flanan dosyalar tam olarak eri\u015filebilir olmayabilir. Bu belgelerden birindeki bilgilere farkl\u0131 bir formatta ihtiyac\u0131n\u0131z olursa, l\u00fctfen bizimle ileti\u015fime ge\u00e7in; eri\u015filebilir bir alternatif sunmak i\u00e7in elimizden geleni yapaca\u011f\u0131z. <\/p>\n\n<h2 class=\"wp-block-heading\"><strong>Taray\u0131c\u0131lar, Cihazlar ve Yard\u0131mc\u0131 Teknoloji<\/strong><\/h2>\n\n<p>ELF Connect, yayg\u0131n olarak kullan\u0131lan modern taray\u0131c\u0131lar ve cihazlarla \u00e7al\u0131\u015facak \u015fekilde tasarlanm\u0131\u015ft\u0131r. Ayr\u0131ca ekran okuyucular, klavye navigasyonu ve mobil eri\u015filebilirlik ara\u00e7lar\u0131 dahil olmak \u00fczere \u00e7e\u015fitli yard\u0131mc\u0131 teknolojileri desteklemeyi hedefliyoruz. <\/p>\n\n<p>Teknoloji geli\u015fmeye devam ettik\u00e7e, uyumlulu\u011fu m\u00fcmk\u00fcn oldu\u011funca g\u00f6zden ge\u00e7irmeye ve iyile\u015ftirmeye devam edece\u011fiz.<\/p>\n\n<h2 class=\"wp-block-heading\"><strong>Eri\u015filebilirlik Sorunlar\u0131n\u0131 Bildirme<\/strong><\/h2>\n\n<p>ELF Connect&#8217;i kullan\u0131rken zorluk ya\u015farsan\u0131z veya bu beyanda listelenmeyen herhangi bir eri\u015filebilirlik sorunu bulursan\u0131z, l\u00fctfen bizimle ileti\u015fime ge\u00e7in.<\/p>\n\n<p><a href=\"https:\/\/elfconnect.eu\/tr\/iletisim\/\" data-type=\"page\" data-id=\"220\">Bizimle ileti\u015fime ge\u00e7ti\u011finizde<\/a>, \u015funlar\u0131 eklemeniz faydal\u0131 olacakt\u0131r:<\/p>\n\n<ul class=\"wp-block-list\">\n<li>kullanmaya \u00e7al\u0131\u015ft\u0131\u011f\u0131n\u0131z sayfa veya \u00f6zellik<\/li>\n\n\n\n<li>sorunun a\u00e7\u0131klamas\u0131<\/li>\n\n\n\n<li>ilgiliyse, kulland\u0131\u011f\u0131n\u0131z cihaz, taray\u0131c\u0131 veya yard\u0131mc\u0131 teknoloji<\/li>\n<\/ul>\n\n<p>Geri bildiriminizi inceleyecek ve m\u00fcmk\u00fcn olan en k\u0131sa s\u00fcrede yan\u0131t verece\u011fiz.<\/p>\n\n<h2 class=\"wp-block-heading\"><strong>S\u00fcrekli \u0130yile\u015ftirme<\/strong><\/h2>\n\n<p>Eri\u015filebilirlik, ELF Connect&#8217;in geli\u015ftirilmesinin devam eden bir par\u00e7as\u0131d\u0131r. Engelleri belirlemeye, kullan\u0131c\u0131 geri bildirimlerinden \u00f6\u011frenmeye ve t\u00fcm kullan\u0131c\u0131lar i\u00e7in daha iyi bir deneyimi desteklemek amac\u0131yla zamanla iyile\u015ftirmeler yapmaya kararl\u0131y\u0131z. <\/p>\n\n<h2 class=\"wp-block-heading\"><strong>Bu Beyan\u0131n Haz\u0131rlanmas\u0131<\/strong><\/h2>\n\n<p>Bu beyan d\u00fczenli olarak g\u00f6zden ge\u00e7irilmeli ve platformdaki, i\u00e7eri\u011findeki ve i\u015flevselli\u011findeki de\u011fi\u015fiklikleri yans\u0131tacak \u015fekilde g\u00fcncellenmelidir.<\/p>\n","protected":false},"excerpt":{"rendered":"<p>ELF Connect i\u00e7in Eri\u015filebilirlik Beyan\u0131 The Avrupa Akci\u011fer Vakf\u0131, ELF Connect&#8217;i t\u00fcm kullan\u0131c\u0131lar i\u00e7in m\u00fcmk\u00fcn oldu\u011funca eri\u015filebilir ve kapsay\u0131c\u0131 hale getirmeyi taahh\u00fct etmektedir. Geni\u015f bir&hellip;<\/p>\n","protected":false},"author":21,"featured_media":0,"parent":0,"menu_order":0,"comment_status":"closed","ping_status":"closed","template":"","meta":{"_acf_changed":false,"footnotes":""},"class_list":["post-2285","page","type-page","status-publish","hentry"],"acf":[],"_links":{"self":[{"href":"https:\/\/elfconnect.eu\/tr\/wp-json\/wp\/v2\/pages\/2285","targetHints":{"allow":["GET"]}}],"collection":[{"href":"https:\/\/elfconnect.eu\/tr\/wp-json\/wp\/v2\/pages"}],"about":[{"href":"https:\/\/elfconnect.eu\/tr\/wp-json\/wp\/v2\/types\/page"}],"author":[{"embeddable":true,"href":"https:\/\/elfconnect.eu\/tr\/wp-json\/wp\/v2\/users\/21"}],"replies":[{"embeddable":true,"href":"https:\/\/elfconnect.eu\/tr\/wp-json\/wp\/v2\/comments?post=2285"}],"version-history":[{"count":1,"href":"https:\/\/elfconnect.eu\/tr\/wp-json\/wp\/v2\/pages\/2285\/revisions"}],"predecessor-version":[{"id":2288,"href":"https:\/\/elfconnect.eu\/tr\/wp-json\/wp\/v2\/pages\/2285\/revisions\/2288"}],"wp:attachment":[{"href":"https:\/\/elfconnect.eu\/tr\/wp-json\/wp\/v2\/media?parent=2285"}],"curies":[{"name":"wp","href":"https:\/\/api.w.org\/{rel}","templated":true}]}}