{"id":2289,"date":"2026-04-20T10:20:23","date_gmt":"2026-04-20T09:20:23","guid":{"rendered":"https:\/\/elfconnect.eu\/tillganglighet\/"},"modified":"2026-04-20T10:22:41","modified_gmt":"2026-04-20T09:22:41","slug":"tillganglighet","status":"publish","type":"page","link":"https:\/\/elfconnect.eu\/sv\/tillganglighet\/","title":{"rendered":"Tillg\u00e4nglighet"},"content":{"rendered":"\n<h2 class=\"wp-block-heading\"><strong>Tillg\u00e4nglighetsredog\u00f6relse f\u00f6r ELF Connect<\/strong><\/h2>\n\n<p><a href=\"http:\/\/www.europeanlung.org\">European Lung Foundation<\/a> arbetar f\u00f6r att g\u00f6ra ELF Connect s\u00e5 tillg\u00e4ngligt och inkluderande som m\u00f6jligt f\u00f6r alla anv\u00e4ndare. Vi str\u00e4var efter att tillhandah\u00e5lla en plattform som fungerar p\u00e5 en m\u00e4ngd olika enheter, webbl\u00e4sare och hj\u00e4lpmedelstekniker, och vi forts\u00e4tter att granska och f\u00f6rb\u00e4ttra tillg\u00e4ngligheten i takt med att plattformen utvecklas. <\/p>\n\n<p>Vi vill att s\u00e5 m\u00e5nga som m\u00f6jligt ska kunna anv\u00e4nda ELF Connect med trygghet och enkelhet. Detta inneb\u00e4r att vi str\u00e4var efter att s\u00e4kerst\u00e4lla att anv\u00e4ndare kan: <\/p>\n\n<ul class=\"wp-block-list\">\n<li>navigera i st\u00f6rre delen av plattformen med hj\u00e4lp av ett tangentbord<\/li>\n\n\n\n<li>anv\u00e4nda plattformen med moderna sk\u00e4rml\u00e4sare och andra hj\u00e4lpmedelstekniker<\/li>\n\n\n\n<li>zooma in utan att inneh\u00e5ll eller funktionalitet g\u00e5r f\u00f6rlorad<\/li>\n\n\n\n<li>ta del av inneh\u00e5ll p\u00e5 dator, surfplatta och mobil<\/li>\n\n\n\n<li>f\u00f6rst\u00e5 information som presenteras med ett tydligt och tillg\u00e4ngligt spr\u00e5k d\u00e4r det \u00e4r m\u00f6jligt<\/li>\n<\/ul>\n\n<h2 class=\"wp-block-heading\"><strong>D\u00e4r tillg\u00e4ngligheten kan variera<\/strong><\/h2>\n\n<p>Vi \u00e4r medvetna om att vissa delar av ELF Connect \u00e4nnu inte \u00e4r fullt tillg\u00e4ngliga. Detta kan omfatta: <\/p>\n\n<ul class=\"wp-block-list\">\n<li>vissa \u00e4ldre nedladdningsbara dokument<\/li>\n\n\n\n<li>PDF-filer eller tredjepartsdokument som tillhandah\u00e5lls i sitt ursprungliga format<\/li>\n\n\n\n<li>inb\u00e4ddade tredjepartsverktyg eller -tj\u00e4nster<\/li>\n\n\n\n<li>anv\u00e4ndargenererat inneh\u00e5ll, s\u00e5som inl\u00e4gg i communityn, kommentarer eller delat material<\/li>\n\n\n\n<li>viss ljud-, video- eller visuell media som \u00e4nnu inte inneh\u00e5ller fullst\u00e4ndiga undertexter, transkriptioner eller alternativtext<\/li>\n<\/ul>\n\n<p>Vi \u00e4r fast beslutna att f\u00f6rb\u00e4ttra dessa omr\u00e5den \u00f6ver tid d\u00e4r det \u00e4r m\u00f6jligt.<\/p>\n\n<h2 class=\"wp-block-heading\"><strong>Nedladdningsbara dokument<\/strong><\/h2>\n\n<p>D\u00e4r det \u00e4r m\u00f6jligt str\u00e4var vi efter att tillhandah\u00e5lla dokument i tillg\u00e4ngliga format.<\/p>\n\n<p>Vissa nedladdningsbara filer p\u00e5 ELF Connect, s\u00e4rskilt \u00e4ldre dokument eller filer som tillhandah\u00e5lls av tredje part, kanske dock inte \u00e4r fullt tillg\u00e4ngliga. Om ni beh\u00f6ver information fr\u00e5n n\u00e5got av dessa dokument i ett annat format, v\u00e4nligen kontakta oss s\u00e5 g\u00f6r vi v\u00e5rt b\u00e4sta f\u00f6r att tillhandah\u00e5lla ett tillg\u00e4ngligt alternativ. <\/p>\n\n<h2 class=\"wp-block-heading\"><strong>Webbl\u00e4sare, enheter och hj\u00e4lpmedelsteknik<\/strong><\/h2>\n\n<p>ELF Connect \u00e4r utformat f\u00f6r att fungera med vanligt f\u00f6rekommande moderna webbl\u00e4sare och enheter. Vi str\u00e4var ocks\u00e5 efter att st\u00f6dja en rad hj\u00e4lpmedelstekniker, inklusive sk\u00e4rml\u00e4sare, tangentbordsnavigering och mobila tillg\u00e4nglighetsverktyg. <\/p>\n\n<p>I takt med att tekniken forts\u00e4tter att utvecklas kommer vi att forts\u00e4tta att granska och f\u00f6rb\u00e4ttra kompatibiliteten d\u00e4r det \u00e4r m\u00f6jligt.<\/p>\n\n<h2 class=\"wp-block-heading\"><strong>Rapportera tillg\u00e4nglighetsproblem<\/strong><\/h2>\n\n<p>Om ni upplever sv\u00e5righeter att anv\u00e4nda ELF Connect, eller uppt\u00e4cker tillg\u00e4nglighetsproblem som inte anges i denna redog\u00f6relse, v\u00e4nligen kontakta oss.<\/p>\n\n<p>N\u00e4r ni <a href=\"https:\/\/elfconnect.eu\/sv\/kontakta-oss\/\" data-type=\"page\" data-id=\"220\">kontaktar oss<\/a> \u00e4r det bra att inkludera:<\/p>\n\n<ul class=\"wp-block-list\">\n<li>den sida eller funktion ni f\u00f6rs\u00f6kte anv\u00e4nda<\/li>\n\n\n\n<li>en beskrivning av problemet<\/li>\n\n\n\n<li>den enhet, webbl\u00e4sare eller hj\u00e4lpmedelsteknik ni anv\u00e4nde, om relevant<\/li>\n<\/ul>\n\n<p>Vi kommer att granska er \u00e5terkoppling och svara s\u00e5 snart vi kan.<\/p>\n\n<h2 class=\"wp-block-heading\"><strong>L\u00f6pande f\u00f6rb\u00e4ttring<\/strong><\/h2>\n\n<p>Tillg\u00e4nglighet \u00e4r en fortl\u00f6pande del av utvecklingen av ELF Connect. Vi \u00e4r fast beslutna att identifiera hinder, l\u00e4ra av anv\u00e4ndarnas \u00e5terkoppling och g\u00f6ra f\u00f6rb\u00e4ttringar \u00f6ver tid f\u00f6r att st\u00f6dja en b\u00e4ttre upplevelse f\u00f6r alla anv\u00e4ndare. <\/p>\n\n<h2 class=\"wp-block-heading\"><strong>Framtagande av denna redog\u00f6relse<\/strong><\/h2>\n\n<p>Denna redog\u00f6relse b\u00f6r ses \u00f6ver regelbundet och uppdateras f\u00f6r att \u00e5terspegla f\u00f6r\u00e4ndringar i plattformen, dess inneh\u00e5ll och dess funktionalitet.<\/p>\n","protected":false},"excerpt":{"rendered":"<p>Tillg\u00e4nglighetsredog\u00f6relse f\u00f6r ELF Connect European Lung Foundation arbetar f\u00f6r att g\u00f6ra ELF Connect s\u00e5 tillg\u00e4ngligt och inkluderande som m\u00f6jligt f\u00f6r alla anv\u00e4ndare. Vi str\u00e4var efter&hellip;<\/p>\n","protected":false},"author":21,"featured_media":0,"parent":0,"menu_order":0,"comment_status":"closed","ping_status":"closed","template":"","meta":{"_acf_changed":false,"footnotes":""},"class_list":["post-2289","page","type-page","status-publish","hentry"],"acf":[],"_links":{"self":[{"href":"https:\/\/elfconnect.eu\/sv\/wp-json\/wp\/v2\/pages\/2289","targetHints":{"allow":["GET"]}}],"collection":[{"href":"https:\/\/elfconnect.eu\/sv\/wp-json\/wp\/v2\/pages"}],"about":[{"href":"https:\/\/elfconnect.eu\/sv\/wp-json\/wp\/v2\/types\/page"}],"author":[{"embeddable":true,"href":"https:\/\/elfconnect.eu\/sv\/wp-json\/wp\/v2\/users\/21"}],"replies":[{"embeddable":true,"href":"https:\/\/elfconnect.eu\/sv\/wp-json\/wp\/v2\/comments?post=2289"}],"version-history":[{"count":1,"href":"https:\/\/elfconnect.eu\/sv\/wp-json\/wp\/v2\/pages\/2289\/revisions"}],"predecessor-version":[{"id":2290,"href":"https:\/\/elfconnect.eu\/sv\/wp-json\/wp\/v2\/pages\/2289\/revisions\/2290"}],"wp:attachment":[{"href":"https:\/\/elfconnect.eu\/sv\/wp-json\/wp\/v2\/media?parent=2289"}],"curies":[{"name":"wp","href":"https:\/\/api.w.org\/{rel}","templated":true}]}}