{"id":2286,"date":"2026-04-20T10:20:23","date_gmt":"2026-04-20T09:20:23","guid":{"rendered":"https:\/\/elfconnect.eu\/accesibilitate\/"},"modified":"2026-04-20T10:22:38","modified_gmt":"2026-04-20T09:22:38","slug":"accesibilitate","status":"publish","type":"page","link":"https:\/\/elfconnect.eu\/ro\/accesibilitate\/","title":{"rendered":"Accesibilitate"},"content":{"rendered":"\n<h2 class=\"wp-block-heading\"><strong>Declara\u021bie de accesibilitate pentru ELF Connect<\/strong><\/h2>\n\n<p><a href=\"http:\/\/www.europeanlung.org\">European Lung Foundation<\/a> se angajeaz\u0103 s\u0103 fac\u0103 ELF Connect c\u00e2t mai accesibil\u0103 \u0219i incluziv\u0103 posibil pentru to\u021bi utilizatorii. Ne propunem s\u0103 oferim o platform\u0103 care func\u021bioneaz\u0103 pe o gam\u0103 larg\u0103 de dispozitive, browsere \u0219i tehnologii asistive \u0219i continu\u0103m s\u0103 revizuim \u0219i s\u0103 \u00eembun\u0103t\u0103\u021bim accesibilitatea pe m\u0103sur\u0103 ce platforma se dezvolt\u0103. <\/p>\n\n<p>Dorim ca c\u00e2t mai multe persoane s\u0103 poat\u0103 utiliza ELF Connect cu \u00eencredere \u0219i u\u0219urin\u021b\u0103. Aceasta include obiectivul de a ne asigura c\u0103 utilizatorii pot: <\/p>\n\n<ul class=\"wp-block-list\">\n<li>naviga pe cea mai mare parte a platformei folosind o tastatur\u0103<\/li>\n\n\n\n<li>utiliza platforma cu cititoare de ecran moderne \u0219i alte tehnologii asistive<\/li>\n\n\n\n<li>m\u0103ri f\u0103r\u0103 pierderea con\u021binutului sau a func\u021bionalit\u0103\u021bii<\/li>\n\n\n\n<li>accesa con\u021binutul pe dispozitive desktop, tablet\u0103 \u0219i mobile<\/li>\n\n\n\n<li>\u00een\u021belege informa\u021biile prezentate \u00eentr-un limbaj clar \u0219i accesibil, ori de c\u00e2te ori este posibil<\/li>\n<\/ul>\n\n<h2 class=\"wp-block-heading\"><strong>Unde accesibilitatea poate varia<\/strong><\/h2>\n\n<p>Recunoa\u0219tem c\u0103 unele p\u0103r\u021bi ale ELF Connect pot s\u0103 nu fie \u00eenc\u0103 pe deplin accesibile. Acestea pot include: <\/p>\n\n<ul class=\"wp-block-list\">\n<li>unele documente mai vechi disponibile pentru desc\u0103rcare<\/li>\n\n\n\n<li>fi\u0219iere PDF sau documente ale unor ter\u021bi furnizate \u00een formatul lor original<\/li>\n\n\n\n<li>instrumente sau servicii \u00eencorporate ale unor ter\u021bi<\/li>\n\n\n\n<li>con\u021binut generat de utilizatori, cum ar fi post\u0103ri \u00een comunitate, comentarii sau materiale partajate<\/li>\n\n\n\n<li>unele materiale audio, video sau media vizuale care este posibil s\u0103 nu includ\u0103 \u00eenc\u0103 subtitr\u0103ri complete, transcrieri sau text alternativ<\/li>\n<\/ul>\n\n<p>Ne angaj\u0103m s\u0103 \u00eembun\u0103t\u0103\u021bim aceste aspecte \u00een timp, ori de c\u00e2te ori este posibil.<\/p>\n\n<h2 class=\"wp-block-heading\"><strong>Documente disponibile pentru desc\u0103rcare<\/strong><\/h2>\n\n<p>Ori de c\u00e2te ori este posibil, ne propunem s\u0103 oferim documente \u00een formate accesibile.<\/p>\n\n<p>Cu toate acestea, unele fi\u0219iere disponibile pentru desc\u0103rcare pe ELF Connect, \u00een special documente mai vechi sau fi\u0219iere furnizate de ter\u021bi, pot s\u0103 nu fie pe deplin accesibile. Dac\u0103 ave\u021bi nevoie de informa\u021bii dintr-unul dintre aceste documente \u00eentr-un format diferit, v\u0103 rug\u0103m s\u0103 ne contacta\u021bi \u0219i vom face tot posibilul s\u0103 oferim o alternativ\u0103 accesibil\u0103. <\/p>\n\n<h2 class=\"wp-block-heading\"><strong>Browsere, dispozitive \u0219i tehnologie asistiv\u0103<\/strong><\/h2>\n\n<p>ELF Connect este conceput\u0103 pentru a func\u021biona cu browsere \u0219i dispozitive moderne utilizate \u00een mod obi\u0219nuit. De asemenea, ne propunem s\u0103 sus\u021binem o gam\u0103 de tehnologii asistive, inclusiv cititoare de ecran, navigare cu tastatura \u0219i instrumente de accesibilitate pentru dispozitive mobile. <\/p>\n\n<p>Pe m\u0103sur\u0103 ce tehnologia continu\u0103 s\u0103 evolueze, vom continua s\u0103 revizuim \u0219i s\u0103 \u00eembun\u0103t\u0103\u021bim compatibilitatea, ori de c\u00e2te ori este posibil.<\/p>\n\n<h2 class=\"wp-block-heading\"><strong>Raportarea problemelor de accesibilitate<\/strong><\/h2>\n\n<p>Dac\u0103 \u00eent\u00e2mpina\u021bi dificult\u0103\u021bi \u00een utilizarea ELF Connect sau identifica\u021bi probleme de accesibilitate care nu sunt men\u021bionate \u00een aceast\u0103 declara\u021bie, v\u0103 rug\u0103m s\u0103 ne contacta\u021bi.<\/p>\n\n<p>Atunci c\u00e2nd <a href=\"https:\/\/elfconnect.eu\/ro\/contacteaza-ne\/\" data-type=\"page\" data-id=\"220\">ne contacta\u021bi<\/a>, este util s\u0103 include\u021bi:<\/p>\n\n<ul class=\"wp-block-list\">\n<li>pagina sau func\u021bionalitatea pe care \u00eencerca\u021bi s\u0103 o utiliza\u021bi<\/li>\n\n\n\n<li>o descriere a problemei<\/li>\n\n\n\n<li>dispozitivul, browserul sau tehnologia asistiv\u0103 pe care o utiliza\u021bi, dac\u0103 este relevant<\/li>\n<\/ul>\n\n<p>Vom analiza feedbackul dumneavoastr\u0103 \u0219i vom r\u0103spunde c\u00e2t mai cur\u00e2nd posibil.<\/p>\n\n<h2 class=\"wp-block-heading\"><strong>\u00cembun\u0103t\u0103\u021bire continu\u0103<\/strong><\/h2>\n\n<p>Accesibilitatea este o component\u0103 continu\u0103 a dezvolt\u0103rii ELF Connect. Ne angaj\u0103m s\u0103 identific\u0103m barierele, s\u0103 \u00eenv\u0103\u021b\u0103m din feedbackul utilizatorilor \u0219i s\u0103 realiz\u0103m \u00eembun\u0103t\u0103\u021biri \u00een timp, pentru a sus\u021bine o experien\u021b\u0103 mai bun\u0103 pentru to\u021bi utilizatorii. <\/p>\n\n<h2 class=\"wp-block-heading\"><strong>Elaborarea acestei declara\u021bii<\/strong><\/h2>\n\n<p>Aceast\u0103 declara\u021bie ar trebui revizuit\u0103 periodic \u0219i actualizat\u0103 pentru a reflecta schimb\u0103rile aduse platformei, con\u021binutului acesteia \u0219i func\u021bionalit\u0103\u021bii sale.<\/p>\n","protected":false},"excerpt":{"rendered":"<p>Declara\u021bie de accesibilitate pentru ELF Connect European Lung Foundation se angajeaz\u0103 s\u0103 fac\u0103 ELF Connect c\u00e2t mai accesibil\u0103 \u0219i incluziv\u0103 posibil pentru to\u021bi utilizatorii. Ne&hellip;<\/p>\n","protected":false},"author":21,"featured_media":0,"parent":0,"menu_order":0,"comment_status":"closed","ping_status":"closed","template":"","meta":{"_acf_changed":false,"footnotes":""},"class_list":["post-2286","page","type-page","status-publish","hentry"],"acf":[],"_links":{"self":[{"href":"https:\/\/elfconnect.eu\/ro\/wp-json\/wp\/v2\/pages\/2286","targetHints":{"allow":["GET"]}}],"collection":[{"href":"https:\/\/elfconnect.eu\/ro\/wp-json\/wp\/v2\/pages"}],"about":[{"href":"https:\/\/elfconnect.eu\/ro\/wp-json\/wp\/v2\/types\/page"}],"author":[{"embeddable":true,"href":"https:\/\/elfconnect.eu\/ro\/wp-json\/wp\/v2\/users\/21"}],"replies":[{"embeddable":true,"href":"https:\/\/elfconnect.eu\/ro\/wp-json\/wp\/v2\/comments?post=2286"}],"version-history":[{"count":1,"href":"https:\/\/elfconnect.eu\/ro\/wp-json\/wp\/v2\/pages\/2286\/revisions"}],"predecessor-version":[{"id":2287,"href":"https:\/\/elfconnect.eu\/ro\/wp-json\/wp\/v2\/pages\/2286\/revisions\/2287"}],"wp:attachment":[{"href":"https:\/\/elfconnect.eu\/ro\/wp-json\/wp\/v2\/media?parent=2286"}],"curies":[{"name":"wp","href":"https:\/\/api.w.org\/{rel}","templated":true}]}}