{"id":1179,"date":"2026-01-13T22:19:45","date_gmt":"2026-01-13T22:19:45","guid":{"rendered":"https:\/\/elfconnect.eu\/acasa\/"},"modified":"2026-04-06T18:48:54","modified_gmt":"2026-04-06T17:48:54","slug":"acasa","status":"publish","type":"page","link":"https:\/\/elfconnect.eu\/ro\/","title":{"rendered":"Acas\u0103"},"content":{"rendered":"\n<section class=\"two-column-text heading_left\">\n    <div class=\"two-column-text__container\">\n                    <div class=\"two-column-text__heading\">\n                <h2>Ce po\u021bi face aici?<\/h2>\n            <\/div>\n                \n                    <div class=\"two-column-text__content\">\n                <p class=\"p1\">Fie c\u0103 tr\u0103ie\u0219ti cu o afec\u021biune pulmonar\u0103, ai grij\u0103 de cineva care are una sau pur \u0219i simplu cau\u021bi informa\u021bii corecte, ELF Connect este conceput s\u0103 te sprijine cu con\u021binut clar, \u00een care po\u021bi avea \u00eencredere.<\/p>\n            <\/div>\n            <\/div>\n<\/section>\n\n<div class=\"spacer background-alb mediu\"><\/div>\n<section class=\"background-alb\">\n    <div class=\"columned-content columns-4\">\n                        <article>\n                    <img decoding=\"async\" src=\"https:\/\/elfconnect.eu\/wp-content\/uploads\/2026\/01\/Group-2.svg\" alt=\"\" \/>\n                    <h2>G\u0103se\u0219te informa\u021bii de \u00eencredere<\/h2>\n                    <div class=\"content\">\n                        Acceseaz\u0103 con\u021binut bazat pe dovezi, \u00een mai multe limbi, dezvoltat de ELF \u0219i de Societatea European\u0103 de Pneumologie (ERS), explicat \u00eentr-un limbaj clar \u0219i u\u0219or de \u00een\u021beles.                    <\/div>\n                <\/article>\n                        <article>\n                    <img decoding=\"async\" src=\"https:\/\/elfconnect.eu\/wp-content\/uploads\/2026\/01\/Shape.svg\" alt=\"\" \/>\n                    <h2>R\u0103m\u00e2i la curent<\/h2>\n                    <div class=\"content\">\n                        Descoper\u0103 cele mai recente actualiz\u0103ri de la exper\u021bi, nout\u0103\u021bi din cercetare \u0219i posibile oportunit\u0103\u021bi de participare la studii clinice relevante pentru afec\u021biunea ta.                    <\/div>\n                <\/article>\n                        <article>\n                    <img decoding=\"async\" src=\"https:\/\/elfconnect.eu\/wp-content\/uploads\/2026\/01\/Group-3.svg\" alt=\"\" \/>\n                    <h2>Prime\u0219te sprijin ghidat<\/h2>\n                    <div class=\"content\">\n                        Folose\u0219te asistentul bazat pe IA pentru a c\u0103uta informa\u021bii de \u00eencredere sau pentru a-\u021bi preg\u0103ti \u00eentreb\u0103ri pe care s\u0103 le adresezi direct profesioni\u0219tilor din domeniul s\u0103n\u0103t\u0103\u021bii, printr-un proces structurat \u0219i de sprijin.                    <\/div>\n                <\/article>\n                        <article>\n                    <img decoding=\"async\" src=\"https:\/\/elfconnect.eu\/wp-content\/uploads\/2026\/01\/Group.svg\" alt=\"\" \/>\n                    <h2>Intr\u0103 \u00een conversa\u021bie<\/h2>\n                    <div class=\"content\">\n                        Discut\u0103 cu alte persoane care au experien\u021b\u0103 direct\u0103 cu afec\u021biunea ta, particip\u0103 la sondaje sau la oportunit\u0103\u021bi de cercetare care ajut\u0103 la modelarea viitorului s\u0103n\u0103t\u0103\u021bii pulmonare \u00een Europa.                    <\/div>\n                <\/article>\n            <\/div>\n<\/section>\n<div class=\"spacer background-alb mediu\"><\/div>    <div class=\"card-listing\">\n        <div class=\"page-width inner\">\n                                <article class=\"card\">\n    <div class=\"image\">\n        <img loading=\"lazy\" decoding=\"async\" width=\"585\" height=\"490\" src=\"https:\/\/elfconnect.eu\/wp-content\/uploads\/2026\/03\/Bronchiectasis-585x490.png\" class=\"attachment-card size-card\" alt=\"Bron\u0219iectazie\" srcset=\"https:\/\/elfconnect.eu\/wp-content\/uploads\/2026\/03\/Bronchiectasis-585x490.png 585w, https:\/\/elfconnect.eu\/wp-content\/uploads\/2026\/03\/Bronchiectasis-624x523.png 624w, https:\/\/elfconnect.eu\/wp-content\/uploads\/2026\/03\/Bronchiectasis.png 940w\" sizes=\"auto, (max-width: 585px) 100vw, 585px\" \/>    <\/div>\n    <div class=\"content\">\n        <h2>Bron\u0219iectazie<\/h2>\n                    <p class=\"card-description 1\">Acces rapid la resurse bazate pe dovezi pentru a sprijini luarea deciziilor clinice \u0219i comunicarea cu pacien\u021bii.<\/p>\n                <span class=\"button\">Vizita\u021bi site-ul<\/span>\n    <\/div>\n    <a href=\"https:\/\/elfconnect.eu\/ro\/grupuri\/bronchiectasis\/\">\n        <span class=\"vh\">Vizualiza\u021bi aceast\u0103 postare<\/span>\n    <\/a>\n<\/article>                            <\/div>\n    <\/div>\n\n<div class=\"spacer background-alb mediu\"><\/div>","protected":false},"excerpt":{"rendered":"","protected":false},"author":1,"featured_media":0,"parent":0,"menu_order":0,"comment_status":"closed","ping_status":"closed","template":"","meta":{"_acf_changed":false,"footnotes":""},"class_list":["post-1179","page","type-page","status-publish","hentry"],"acf":[],"_links":{"self":[{"href":"https:\/\/elfconnect.eu\/ro\/wp-json\/wp\/v2\/pages\/1179","targetHints":{"allow":["GET"]}}],"collection":[{"href":"https:\/\/elfconnect.eu\/ro\/wp-json\/wp\/v2\/pages"}],"about":[{"href":"https:\/\/elfconnect.eu\/ro\/wp-json\/wp\/v2\/types\/page"}],"author":[{"embeddable":true,"href":"https:\/\/elfconnect.eu\/ro\/wp-json\/wp\/v2\/users\/1"}],"replies":[{"embeddable":true,"href":"https:\/\/elfconnect.eu\/ro\/wp-json\/wp\/v2\/comments?post=1179"}],"version-history":[{"count":2,"href":"https:\/\/elfconnect.eu\/ro\/wp-json\/wp\/v2\/pages\/1179\/revisions"}],"predecessor-version":[{"id":1999,"href":"https:\/\/elfconnect.eu\/ro\/wp-json\/wp\/v2\/pages\/1179\/revisions\/1999"}],"wp:attachment":[{"href":"https:\/\/elfconnect.eu\/ro\/wp-json\/wp\/v2\/media?parent=1179"}],"curies":[{"name":"wp","href":"https:\/\/api.w.org\/{rel}","templated":true}]}}