{"id":2283,"date":"2026-04-20T10:20:23","date_gmt":"2026-04-20T09:20:23","guid":{"rendered":"https:\/\/elfconnect.eu\/dostepnosc\/"},"modified":"2026-04-20T10:21:54","modified_gmt":"2026-04-20T09:21:54","slug":"dostepnosc","status":"publish","type":"page","link":"https:\/\/elfconnect.eu\/pl\/dostepnosc\/","title":{"rendered":"Dost\u0119pno\u015b\u0107"},"content":{"rendered":"\n<h2 class=\"wp-block-heading\"><strong>O\u015bwiadczenie o dost\u0119pno\u015bci dla ELF Connect<\/strong><\/h2>\n\n<p> <a href=\"http:\/\/www.europeanlung.org\">Europejska Fundacja P\u0142uc<\/a> d\u0105\u017cy do tego, aby platforma ELF Connect by\u0142a jak najbardziej dost\u0119pna i inkluzywna dla wszystkich u\u017cytkownik\u00f3w. Naszym celem jest zapewnienie platformy, kt\u00f3ra dzia\u0142a na szerokiej gamie urz\u0105dze\u0144, przegl\u0105darek i technologii wspomagaj\u0105cych, a tak\u017ce stale przegl\u0105damy i ulepszamy dost\u0119pno\u015b\u0107 w miar\u0119 rozwoju platformy. <\/p>\n\n<p>Chcemy, aby jak najwi\u0119cej os\u00f3b mog\u0142o korzysta\u0107 z ELF Connect z pewno\u015bci\u0105 i \u0142atwo\u015bci\u0105. Obejmuje to d\u0105\u017cenie do zapewnienia, \u017ce u\u017cytkownicy mog\u0105: <\/p>\n\n<ul class=\"wp-block-list\">\n<li>porusza\u0107 si\u0119 po wi\u0119kszo\u015bci platformy za pomoc\u0105 klawiatury<\/li>\n\n\n\n<li>korzysta\u0107 z platformy za pomoc\u0105 nowoczesnych czytnik\u00f3w ekranu i innych technologii wspomagaj\u0105cych<\/li>\n\n\n\n<li>powi\u0119ksza\u0107 bez utraty tre\u015bci lub funkcjonalno\u015bci<\/li>\n\n\n\n<li>uzyskiwa\u0107 dost\u0119p do tre\u015bci na komputerach stacjonarnych, tabletach i urz\u0105dzeniach mobilnych<\/li>\n\n\n\n<li>rozumie\u0107 informacje przedstawione w jasnym i dost\u0119pnym j\u0119zyku, wsz\u0119dzie tam, gdzie jest to mo\u017cliwe<\/li>\n<\/ul>\n\n<h2 class=\"wp-block-heading\"><strong>Gdzie dost\u0119pno\u015b\u0107 mo\u017ce si\u0119 r\u00f3\u017cni\u0107<\/strong><\/h2>\n\n<p>Uznajemy, \u017ce niekt\u00f3re cz\u0119\u015bci ELF Connect mog\u0105 nie by\u0107 jeszcze w pe\u0142ni dost\u0119pne. Mo\u017ce to obejmowa\u0107: <\/p>\n\n<ul class=\"wp-block-list\">\n<li>niekt\u00f3re starsze dokumenty do pobrania<\/li>\n\n\n\n<li>pliki PDF lub dokumenty stron trzecich dostarczone w ich oryginalnym formacie<\/li>\n\n\n\n<li>osadzone narz\u0119dzia lub us\u0142ugi stron trzecich<\/li>\n\n\n\n<li>tre\u015bci generowane przez u\u017cytkownik\u00f3w, takie jak posty spo\u0142eczno\u015bci, komentarze lub udost\u0119pnione materia\u0142y<\/li>\n\n\n\n<li>niekt\u00f3re media audio, wideo lub wizualne, kt\u00f3re mog\u0105 jeszcze nie zawiera\u0107 pe\u0142nych napis\u00f3w, transkrypcji lub tekstu alternatywnego<\/li>\n<\/ul>\n\n<p>Zobowi\u0105zujemy si\u0119 do poprawy tych obszar\u00f3w w miar\u0119 mo\u017cliwo\u015bci.<\/p>\n\n<h2 class=\"wp-block-heading\"><strong>Dokumenty do pobrania<\/strong><\/h2>\n\n<p>W miar\u0119 mo\u017cliwo\u015bci d\u0105\u017cymy do udost\u0119pniania dokument\u00f3w w dost\u0119pnych formatach.<\/p>\n\n<p>Jednak niekt\u00f3re pliki do pobrania na ELF Connect, zw\u0142aszcza starsze dokumenty lub pliki dostarczone przez strony trzecie, mog\u0105 nie by\u0107 w pe\u0142ni dost\u0119pne. Je\u015bli potrzebujesz informacji z jednego z tych dokument\u00f3w w innym formacie, skontaktuj si\u0119 z nami, a my do\u0142o\u017cymy wszelkich stara\u0144, aby zapewni\u0107 dost\u0119pn\u0105 alternatyw\u0119. <\/p>\n\n<h2 class=\"wp-block-heading\"><strong>Przegl\u0105darki, urz\u0105dzenia i technologie wspomagaj\u0105ce<\/strong><\/h2>\n\n<p>ELF Connect zosta\u0142 zaprojektowany do wsp\u00f3\u0142pracy z powszechnie u\u017cywanymi nowoczesnymi przegl\u0105darkami i urz\u0105dzeniami. D\u0105\u017cymy r\u00f3wnie\u017c do obs\u0142ugi szeregu technologii wspomagaj\u0105cych, w tym czytnik\u00f3w ekranu, nawigacji klawiatur\u0105 i narz\u0119dzi u\u0142atwiaj\u0105cych dost\u0119pno\u015b\u0107 mobiln\u0105. <\/p>\n\n<p>W miar\u0119 ewolucji technologii b\u0119dziemy nadal przegl\u0105da\u0107 i poprawia\u0107 kompatybilno\u015b\u0107, wsz\u0119dzie tam, gdzie jest to mo\u017cliwe.<\/p>\n\n<h2 class=\"wp-block-heading\"><strong>Zg\u0142aszanie problem\u00f3w z dost\u0119pno\u015bci\u0105<\/strong><\/h2>\n\n<p>Je\u015bli napotkasz trudno\u015bci w korzystaniu z ELF Connect lub znajdziesz jakiekolwiek problemy z dost\u0119pno\u015bci\u0105 niewymienione w niniejszym o\u015bwiadczeniu, skontaktuj si\u0119 z nami.<\/p>\n\n<p>Podczas <a href=\"https:\/\/elfconnect.eu\/pl\/skontaktuj-sie-z-nami\/\" data-type=\"page\" data-id=\"220\">kontaktowania si\u0119 z nami<\/a> pomocne jest podanie:<\/p>\n\n<ul class=\"wp-block-list\">\n<li>strony lub funkcji, kt\u00f3rej pr\u00f3bowa\u0142e\u015b u\u017cy\u0107<\/li>\n\n\n\n<li>opisu problemu<\/li>\n\n\n\n<li>u\u017cywanego urz\u0105dzenia, przegl\u0105darki lub technologii wspomagaj\u0105cej, je\u015bli ma to zastosowanie<\/li>\n<\/ul>\n\n<p>Przejrzymy Twoj\u0105 opini\u0119 i odpowiemy tak szybko, jak to mo\u017cliwe.<\/p>\n\n<h2 class=\"wp-block-heading\"><strong>Ci\u0105g\u0142e doskonalenie<\/strong><\/h2>\n\n<p>Dost\u0119pno\u015b\u0107 jest ci\u0105g\u0142ym elementem rozwoju ELF Connect. Zobowi\u0105zujemy si\u0119 do identyfikowania barier, uczenia si\u0119 z opinii u\u017cytkownik\u00f3w i wprowadzania ulepsze\u0144 w czasie, aby wspiera\u0107 lepsze do\u015bwiadczenia dla wszystkich u\u017cytkownik\u00f3w. <\/p>\n\n<h2 class=\"wp-block-heading\"><strong>Przygotowanie niniejszego o\u015bwiadczenia<\/strong><\/h2>\n\n<p>Niniejsze o\u015bwiadczenie powinno by\u0107 regularnie przegl\u0105dane i aktualizowane w celu odzwierciedlenia zmian w platformie, jej tre\u015bci i funkcjonalno\u015bci.<\/p>\n","protected":false},"excerpt":{"rendered":"<p>O\u015bwiadczenie o dost\u0119pno\u015bci dla ELF Connect Europejska Fundacja P\u0142uc d\u0105\u017cy do tego, aby platforma ELF Connect by\u0142a jak najbardziej dost\u0119pna i inkluzywna dla wszystkich u\u017cytkownik\u00f3w.&hellip;<\/p>\n","protected":false},"author":21,"featured_media":0,"parent":0,"menu_order":0,"comment_status":"closed","ping_status":"closed","template":"","meta":{"_acf_changed":false,"footnotes":""},"class_list":["post-2283","page","type-page","status-publish","hentry"],"acf":[],"_links":{"self":[{"href":"https:\/\/elfconnect.eu\/pl\/wp-json\/wp\/v2\/pages\/2283","targetHints":{"allow":["GET"]}}],"collection":[{"href":"https:\/\/elfconnect.eu\/pl\/wp-json\/wp\/v2\/pages"}],"about":[{"href":"https:\/\/elfconnect.eu\/pl\/wp-json\/wp\/v2\/types\/page"}],"author":[{"embeddable":true,"href":"https:\/\/elfconnect.eu\/pl\/wp-json\/wp\/v2\/users\/21"}],"replies":[{"embeddable":true,"href":"https:\/\/elfconnect.eu\/pl\/wp-json\/wp\/v2\/comments?post=2283"}],"version-history":[{"count":1,"href":"https:\/\/elfconnect.eu\/pl\/wp-json\/wp\/v2\/pages\/2283\/revisions"}],"predecessor-version":[{"id":2284,"href":"https:\/\/elfconnect.eu\/pl\/wp-json\/wp\/v2\/pages\/2283\/revisions\/2284"}],"wp:attachment":[{"href":"https:\/\/elfconnect.eu\/pl\/wp-json\/wp\/v2\/media?parent=2283"}],"curies":[{"name":"wp","href":"https:\/\/api.w.org\/{rel}","templated":true}]}}