{"id":2275,"date":"2026-04-20T10:20:23","date_gmt":"2026-04-20T09:20:23","guid":{"rendered":"https:\/\/elfconnect.eu\/akadalymentesseg\/"},"modified":"2026-04-20T10:21:35","modified_gmt":"2026-04-20T09:21:35","slug":"akadalymentesseg","status":"publish","type":"page","link":"https:\/\/elfconnect.eu\/hu\/akadalymentesseg\/","title":{"rendered":"Akad\u00e1lymentess\u00e9g"},"content":{"rendered":"\n<h2 class=\"wp-block-heading\"><strong>Akad\u00e1lymentess\u00e9gi nyilatkozat az ELF Connect platformhoz<\/strong><\/h2>\n\n<p>Az <a href=\"http:\/\/www.europeanlung.org\">Eur\u00f3pai T\u00fcd\u0151 Alap\u00edtv\u00e1ny<\/a> elk\u00f6telezett amellett, hogy az ELF Connect a lehet\u0151 legink\u00e1bb akad\u00e1lymentes \u00e9s inkluz\u00edv legyen minden felhaszn\u00e1l\u00f3 sz\u00e1m\u00e1ra. C\u00e9lunk egy olyan platform biztos\u00edt\u00e1sa, amely eszk\u00f6z\u00f6k, b\u00f6ng\u00e9sz\u0151k \u00e9s seg\u00edt\u0151 technol\u00f3gi\u00e1k sz\u00e9les sk\u00e1l\u00e1j\u00e1n m\u0171k\u00f6dik, \u00e9s folyamatosan fel\u00fclvizsg\u00e1ljuk \u00e9s jav\u00edtjuk az akad\u00e1lymentess\u00e9get a platform fejl\u0151d\u00e9s\u00e9vel p\u00e1rhuzamosan. <\/p>\n\n<p>Szeretn\u00e9nk, ha min\u00e9l t\u00f6bben tudn\u00e1k magabiztosan \u00e9s k\u00f6nnyed\u00e9n haszn\u00e1lni az ELF Connect platformot. Ez mag\u00e1ban foglalja annak biztos\u00edt\u00e1s\u00e1t, hogy a felhaszn\u00e1l\u00f3k k\u00e9pesek legyenek: <\/p>\n\n<ul class=\"wp-block-list\">\n<li>a platform nagy r\u00e9sz\u00e9n billenty\u0171zettel navig\u00e1lni<\/li>\n\n\n\n<li>a platformot modern k\u00e9perny\u0151olvas\u00f3kkal \u00e9s egy\u00e9b seg\u00edt\u0151 technol\u00f3gi\u00e1kkal haszn\u00e1lni<\/li>\n\n\n\n<li>tartalom- vagy funkci\u00f3veszt\u00e9s n\u00e9lk\u00fcl nagy\u00edtani<\/li>\n\n\n\n<li>tartalmakat asztali, t\u00e1blag\u00e9pes \u00e9s mobil eszk\u00f6z\u00f6k\u00f6n is el\u00e9rni<\/li>\n\n\n\n<li>a lehet\u0151 legtiszt\u00e1bb \u00e9s leg\u00e9rthet\u0151bb nyelven megfogalmazott inform\u00e1ci\u00f3kat meg\u00e9rteni<\/li>\n<\/ul>\n\n<h2 class=\"wp-block-heading\"><strong>Hol v\u00e1ltozhat az akad\u00e1lymentess\u00e9g<\/strong><\/h2>\n\n<p>Felismert\u00fck, hogy az ELF Connect egyes r\u00e9szei m\u00e9g nem teljesen akad\u00e1lymentesek. Ez mag\u00e1ban foglalhatja: <\/p>\n\n<ul class=\"wp-block-list\">\n<li>egyes r\u00e9gebbi let\u00f6lthet\u0151 dokumentumokat<\/li>\n\n\n\n<li>eredeti form\u00e1tumban biztos\u00edtott PDF f\u00e1jlokat vagy harmadik f\u00e9lt\u0151l sz\u00e1rmaz\u00f3 dokumentumokat<\/li>\n\n\n\n<li>be\u00e1gyazott, harmadik f\u00e9lt\u0151l sz\u00e1rmaz\u00f3 eszk\u00f6z\u00f6ket vagy szolg\u00e1ltat\u00e1sokat<\/li>\n\n\n\n<li>felhaszn\u00e1l\u00f3 \u00e1ltal gener\u00e1lt tartalmakat, p\u00e9ld\u00e1ul k\u00f6z\u00f6ss\u00e9gi bejegyz\u00e9seket, hozz\u00e1sz\u00f3l\u00e1sokat vagy megosztott anyagokat<\/li>\n\n\n\n<li>egyes hang-, vide\u00f3- vagy vizu\u00e1lis m\u00e9diatartalmakat, amelyek m\u00e9g nem tartalmaznak teljes feliratokat, \u00e1tiratokat vagy alternat\u00edv sz\u00f6veget<\/li>\n<\/ul>\n\n<p>Elk\u00f6telezettek vagyunk e ter\u00fcletek id\u0151vel t\u00f6rt\u00e9n\u0151 jav\u00edt\u00e1sa mellett, ahol csak lehets\u00e9ges.<\/p>\n\n<h2 class=\"wp-block-heading\"><strong>Let\u00f6lthet\u0151 dokumentumok<\/strong><\/h2>\n\n<p>Ahol lehets\u00e9ges, igyeksz\u00fcnk a dokumentumokat akad\u00e1lymentes form\u00e1tumban biztos\u00edtani.<\/p>\n\n<p>Az ELF Connect egyes let\u00f6lthet\u0151 f\u00e1jljai azonban, k\u00fcl\u00f6n\u00f6sen a r\u00e9gebbi dokumentumok vagy harmadik felek \u00e1ltal biztos\u00edtott f\u00e1jlok, nem felt\u00e9tlen\u00fcl teljesen akad\u00e1lymentesek. Ha ezen dokumentumok valamelyik\u00e9b\u0151l m\u00e1s form\u00e1tumban van sz\u00fcks\u00e9ge inform\u00e1ci\u00f3ra, k\u00e9rj\u00fck, vegye fel vel\u00fcnk a kapcsolatot, \u00e9s mindent megtesz\u00fcnk, hogy akad\u00e1lymentes alternat\u00edv\u00e1t biztos\u00edtsunk. <\/p>\n\n<h2 class=\"wp-block-heading\"><strong>B\u00f6ng\u00e9sz\u0151k, eszk\u00f6z\u00f6k \u00e9s seg\u00edt\u0151 technol\u00f3gi\u00e1k<\/strong><\/h2>\n\n<p>Az ELF Connect-et \u00fagy tervezt\u00fck, hogy a gyakran haszn\u00e1lt modern b\u00f6ng\u00e9sz\u0151kkel \u00e9s eszk\u00f6z\u00f6kkel m\u0171k\u00f6dj\u00f6n. C\u00e9lunk tov\u00e1bb\u00e1 a seg\u00edt\u0151 technol\u00f3gi\u00e1k sz\u00e9les sk\u00e1l\u00e1j\u00e1nak t\u00e1mogat\u00e1sa, bele\u00e9rtve a k\u00e9perny\u0151olvas\u00f3kat, a billenty\u0171zetes navig\u00e1ci\u00f3t \u00e9s a mobil akad\u00e1lymentess\u00e9gi eszk\u00f6z\u00f6ket. <\/p>\n\n<p>Ahogy a technol\u00f3gia folyamatosan fejl\u0151dik, mi is folyamatosan fel\u00fclvizsg\u00e1ljuk \u00e9s jav\u00edtjuk a kompatibilit\u00e1st, ahol csak lehets\u00e9ges.<\/p>\n\n<h2 class=\"wp-block-heading\"><strong>Akad\u00e1lymentess\u00e9gi probl\u00e9m\u00e1k jelent\u00e9se<\/strong><\/h2>\n\n<p>Ha neh\u00e9zs\u00e9geket tapasztal az ELF Connect haszn\u00e1lata sor\u00e1n, vagy olyan akad\u00e1lymentess\u00e9gi probl\u00e9m\u00e1kat tal\u00e1l, amelyek nem szerepelnek ebben a nyilatkozatban, k\u00e9rj\u00fck, vegye fel vel\u00fcnk a kapcsolatot.<\/p>\n\n<p>Amikor <a href=\"https:\/\/elfconnect.eu\/hu\/kapcsolat\/\" data-type=\"page\" data-id=\"220\">felveszi vel\u00fcnk a kapcsolatot<\/a>, hasznos, ha megadja:<\/p>\n\n<ul class=\"wp-block-list\">\n<li>az oldalt vagy funkci\u00f3t, amelyet haszn\u00e1lni pr\u00f3b\u00e1lt<\/li>\n\n\n\n<li>a probl\u00e9ma le\u00edr\u00e1s\u00e1t<\/li>\n\n\n\n<li>az eszk\u00f6zt, b\u00f6ng\u00e9sz\u0151t vagy seg\u00edt\u0151 technol\u00f3gi\u00e1t, amelyet haszn\u00e1lt, ha relev\u00e1ns<\/li>\n<\/ul>\n\n<p>Fel\u00fclvizsg\u00e1ljuk visszajelz\u00e9s\u00e9t, \u00e9s a lehet\u0151 leghamarabb v\u00e1laszolunk.<\/p>\n\n<h2 class=\"wp-block-heading\"><strong>Folyamatos fejleszt\u00e9s<\/strong><\/h2>\n\n<p>Az akad\u00e1lymentess\u00e9g az ELF Connect fejleszt\u00e9s\u00e9nek folyamatos r\u00e9sze. Elk\u00f6telezettek vagyunk az akad\u00e1lyok azonos\u00edt\u00e1sa, a felhaszn\u00e1l\u00f3i visszajelz\u00e9sekb\u0151l val\u00f3 tanul\u00e1s \u00e9s az id\u0151vel t\u00f6rt\u00e9n\u0151 fejleszt\u00e9sek mellett, hogy minden felhaszn\u00e1l\u00f3 sz\u00e1m\u00e1ra jobb \u00e9lm\u00e9nyt biztos\u00edtsunk. <\/p>\n\n<h2 class=\"wp-block-heading\"><strong>E nyilatkozat elk\u00e9sz\u00edt\u00e9se<\/strong><\/h2>\n\n<p>Ezt a nyilatkozatot rendszeresen fel\u00fcl kell vizsg\u00e1lni \u00e9s friss\u00edteni kell a platform, annak tartalma \u00e9s funkcionalit\u00e1sa v\u00e1ltoz\u00e1sainak megfelel\u0151en.<\/p>\n","protected":false},"excerpt":{"rendered":"<p>Akad\u00e1lymentess\u00e9gi nyilatkozat az ELF Connect platformhoz Az Eur\u00f3pai T\u00fcd\u0151 Alap\u00edtv\u00e1ny elk\u00f6telezett amellett, hogy az ELF Connect a lehet\u0151 legink\u00e1bb akad\u00e1lymentes \u00e9s inkluz\u00edv legyen minden felhaszn\u00e1l\u00f3&hellip;<\/p>\n","protected":false},"author":21,"featured_media":0,"parent":0,"menu_order":0,"comment_status":"closed","ping_status":"closed","template":"","meta":{"_acf_changed":false,"footnotes":""},"class_list":["post-2275","page","type-page","status-publish","hentry"],"acf":[],"_links":{"self":[{"href":"https:\/\/elfconnect.eu\/hu\/wp-json\/wp\/v2\/pages\/2275","targetHints":{"allow":["GET"]}}],"collection":[{"href":"https:\/\/elfconnect.eu\/hu\/wp-json\/wp\/v2\/pages"}],"about":[{"href":"https:\/\/elfconnect.eu\/hu\/wp-json\/wp\/v2\/types\/page"}],"author":[{"embeddable":true,"href":"https:\/\/elfconnect.eu\/hu\/wp-json\/wp\/v2\/users\/21"}],"replies":[{"embeddable":true,"href":"https:\/\/elfconnect.eu\/hu\/wp-json\/wp\/v2\/comments?post=2275"}],"version-history":[{"count":1,"href":"https:\/\/elfconnect.eu\/hu\/wp-json\/wp\/v2\/pages\/2275\/revisions"}],"predecessor-version":[{"id":2276,"href":"https:\/\/elfconnect.eu\/hu\/wp-json\/wp\/v2\/pages\/2275\/revisions\/2276"}],"wp:attachment":[{"href":"https:\/\/elfconnect.eu\/hu\/wp-json\/wp\/v2\/media?parent=2275"}],"curies":[{"name":"wp","href":"https:\/\/api.w.org\/{rel}","templated":true}]}}