{"id":2265,"date":"2026-04-20T10:20:23","date_gmt":"2026-04-20T09:20:23","guid":{"rendered":"https:\/\/elfconnect.eu\/accessibilite\/"},"modified":"2026-04-20T10:21:15","modified_gmt":"2026-04-20T09:21:15","slug":"accessibilite","status":"publish","type":"page","link":"https:\/\/elfconnect.eu\/fr\/accessibilite\/","title":{"rendered":"Accessibilit\u00e9"},"content":{"rendered":"\n<h2 class=\"wp-block-heading\"><strong>D\u00e9claration d\u2019accessibilit\u00e9 pour ELF Connect<\/strong><\/h2>\n\n<p>La <a href=\"http:\/\/www.europeanlung.org\">European Lung Foundation<\/a> s\u2019engage \u00e0 rendre ELF Connect aussi accessible et inclusif que possible pour tous les utilisateurs. Nous visons \u00e0 proposer une plateforme compatible avec un large \u00e9ventail d\u2019appareils, de navigateurs et de technologies d\u2019assistance, et nous continuons \u00e0 examiner et \u00e0 am\u00e9liorer l\u2019accessibilit\u00e9 au fur et \u00e0 mesure du d\u00e9veloppement de la plateforme. <\/p>\n\n<p>Nous souhaitons que le plus grand nombre possible de personnes puissent utiliser ELF Connect avec confiance et facilit\u00e9. Cela implique notamment de veiller \u00e0 ce que les utilisateurs puissent : <\/p>\n\n<ul class=\"wp-block-list\">\n<li>naviguer sur la majeure partie de la plateforme \u00e0 l\u2019aide d\u2019un clavier<\/li>\n\n\n\n<li>utiliser la plateforme avec des lecteurs d\u2019\u00e9cran modernes et d\u2019autres technologies d\u2019assistance<\/li>\n\n\n\n<li>effectuer un zoom sans perte de contenu ni de fonctionnalit\u00e9<\/li>\n\n\n\n<li>acc\u00e9der au contenu sur ordinateur, tablette et appareils mobiles<\/li>\n\n\n\n<li>comprendre les informations pr\u00e9sent\u00e9es dans un langage clair et accessible, dans la mesure du possible<\/li>\n<\/ul>\n\n<h2 class=\"wp-block-heading\"><strong>Lorsque l\u2019accessibilit\u00e9 peut varier<\/strong><\/h2>\n\n<p>Nous reconnaissons que certaines parties d\u2019ELF Connect peuvent ne pas encore \u00eatre enti\u00e8rement accessibles. Cela peut inclure : <\/p>\n\n<ul class=\"wp-block-list\">\n<li>certains documents t\u00e9l\u00e9chargeables plus anciens<\/li>\n\n\n\n<li>des fichiers PDF ou des documents de tiers fournis dans leur format d\u2019origine<\/li>\n\n\n\n<li>des outils ou services tiers int\u00e9gr\u00e9s<\/li>\n\n\n\n<li>du contenu g\u00e9n\u00e9r\u00e9 par les utilisateurs, comme des publications de la communaut\u00e9, des commentaires ou des documents partag\u00e9s<\/li>\n\n\n\n<li>certains contenus audio, vid\u00e9o ou visuels qui peuvent ne pas encore inclure des sous-titres, des transcriptions ou un texte alternatif complets<\/li>\n<\/ul>\n\n<p>Nous nous engageons \u00e0 am\u00e9liorer ces aspects au fil du temps, dans la mesure du possible.<\/p>\n\n<h2 class=\"wp-block-heading\"><strong>Documents t\u00e9l\u00e9chargeables<\/strong><\/h2>\n\n<p>Dans la mesure du possible, nous visons \u00e0 fournir des documents dans des formats accessibles.<\/p>\n\n<p>Cependant, certains fichiers t\u00e9l\u00e9chargeables sur ELF Connect, en particulier les documents plus anciens ou les fichiers fournis par des tiers, peuvent ne pas \u00eatre enti\u00e8rement accessibles. Si vous avez besoin d\u2019informations provenant de l\u2019un de ces documents dans un autre format, veuillez nous contacter et nous ferons de notre mieux pour proposer une alternative accessible. <\/p>\n\n<h2 class=\"wp-block-heading\"><strong>Navigateurs, appareils et technologies d\u2019assistance<\/strong><\/h2>\n\n<p>ELF Connect est con\u00e7u pour fonctionner avec les navigateurs et appareils modernes couramment utilis\u00e9s. Nous visons \u00e9galement \u00e0 prendre en charge une gamme de technologies d\u2019assistance, notamment les lecteurs d\u2019\u00e9cran, la navigation au clavier et les outils d\u2019accessibilit\u00e9 mobile. <\/p>\n\n<p>\u00c0 mesure que la technologie \u00e9volue, nous continuerons \u00e0 examiner et \u00e0 am\u00e9liorer la compatibilit\u00e9, dans la mesure du possible.<\/p>\n\n<h2 class=\"wp-block-heading\"><strong>Signaler des probl\u00e8mes d\u2019accessibilit\u00e9<\/strong><\/h2>\n\n<p>Si vous rencontrez des difficult\u00e9s pour utiliser ELF Connect, ou si vous constatez des probl\u00e8mes d\u2019accessibilit\u00e9 non mentionn\u00e9s dans cette d\u00e9claration, veuillez nous contacter.<\/p>\n\n<p>Lorsque vous <a href=\"https:\/\/elfconnect.eu\/fr\/contactez-nous\/\" data-type=\"page\" data-id=\"220\">nous contactez<\/a>, il est utile d\u2019indiquer :<\/p>\n\n<ul class=\"wp-block-list\">\n<li>la page ou la fonctionnalit\u00e9 que vous essayiez d\u2019utiliser<\/li>\n\n\n\n<li>une description du probl\u00e8me<\/li>\n\n\n\n<li>l\u2019appareil, le navigateur ou la technologie d\u2019assistance que vous utilisiez, le cas \u00e9ch\u00e9ant<\/li>\n<\/ul>\n\n<p>Nous examinerons vos retours et vous r\u00e9pondrons d\u00e8s que possible.<\/p>\n\n<h2 class=\"wp-block-heading\"><strong>Am\u00e9lioration continue<\/strong><\/h2>\n\n<p>L\u2019accessibilit\u00e9 fait partie int\u00e9grante du d\u00e9veloppement d\u2019ELF Connect. Nous nous engageons \u00e0 identifier les obstacles, \u00e0 tirer des enseignements des retours des utilisateurs et \u00e0 apporter des am\u00e9liorations au fil du temps afin d\u2019offrir une meilleure exp\u00e9rience \u00e0 tous les utilisateurs. <\/p>\n\n<h2 class=\"wp-block-heading\"><strong>Pr\u00e9paration de cette d\u00e9claration<\/strong><\/h2>\n\n<p>Cette d\u00e9claration doit \u00eatre r\u00e9examin\u00e9e r\u00e9guli\u00e8rement et mise \u00e0 jour afin de refl\u00e9ter les changements apport\u00e9s \u00e0 la plateforme, \u00e0 son contenu et \u00e0 ses fonctionnalit\u00e9s.<\/p>\n","protected":false},"excerpt":{"rendered":"<p>D\u00e9claration d\u2019accessibilit\u00e9 pour ELF Connect La European Lung Foundation s\u2019engage \u00e0 rendre ELF Connect aussi accessible et inclusif que possible pour tous les utilisateurs. Nous&hellip;<\/p>\n","protected":false},"author":21,"featured_media":0,"parent":0,"menu_order":0,"comment_status":"closed","ping_status":"closed","template":"","meta":{"_acf_changed":false,"footnotes":""},"class_list":["post-2265","page","type-page","status-publish","hentry"],"acf":[],"_links":{"self":[{"href":"https:\/\/elfconnect.eu\/fr\/wp-json\/wp\/v2\/pages\/2265","targetHints":{"allow":["GET"]}}],"collection":[{"href":"https:\/\/elfconnect.eu\/fr\/wp-json\/wp\/v2\/pages"}],"about":[{"href":"https:\/\/elfconnect.eu\/fr\/wp-json\/wp\/v2\/types\/page"}],"author":[{"embeddable":true,"href":"https:\/\/elfconnect.eu\/fr\/wp-json\/wp\/v2\/users\/21"}],"replies":[{"embeddable":true,"href":"https:\/\/elfconnect.eu\/fr\/wp-json\/wp\/v2\/comments?post=2265"}],"version-history":[{"count":1,"href":"https:\/\/elfconnect.eu\/fr\/wp-json\/wp\/v2\/pages\/2265\/revisions"}],"predecessor-version":[{"id":2266,"href":"https:\/\/elfconnect.eu\/fr\/wp-json\/wp\/v2\/pages\/2265\/revisions\/2266"}],"wp:attachment":[{"href":"https:\/\/elfconnect.eu\/fr\/wp-json\/wp\/v2\/media?parent=2265"}],"curies":[{"name":"wp","href":"https:\/\/api.w.org\/{rel}","templated":true}]}}