{"id":2291,"date":"2026-04-20T10:20:23","date_gmt":"2026-04-20T09:20:23","guid":{"rendered":"https:\/\/elfconnect.eu\/accesibilidad\/"},"modified":"2026-04-20T10:22:41","modified_gmt":"2026-04-20T09:22:41","slug":"accesibilidad","status":"publish","type":"page","link":"https:\/\/elfconnect.eu\/es\/accesibilidad\/","title":{"rendered":"Accesibilidad"},"content":{"rendered":"\n<h2 class=\"wp-block-heading\"><strong>Declaraci\u00f3n de accesibilidad de ELF Connect<\/strong><\/h2>\n\n<p>La <a href=\"http:\/\/www.europeanlung.org\">Fundaci\u00f3n Europea del Pulm\u00f3n<\/a> se compromete a hacer que ELF Connect sea lo m\u00e1s accesible e inclusivo posible para todos los usuarios. Nuestro objetivo es proporcionar una plataforma que funcione en una amplia gama de dispositivos, navegadores y tecnolog\u00edas de asistencia, y continuamos revisando y mejorando la accesibilidad a medida que la plataforma se desarrolla. <\/p>\n\n<p>Queremos que el mayor n\u00famero posible de personas pueda utilizar ELF Connect con confianza y facilidad. Esto incluye el objetivo de garantizar que los usuarios puedan: <\/p>\n\n<ul class=\"wp-block-list\">\n<li>navegar por la mayor parte de la plataforma utilizando un teclado<\/li>\n\n\n\n<li>utilizar la plataforma con lectores de pantalla modernos y otras tecnolog\u00edas de asistencia<\/li>\n\n\n\n<li>hacer zoom sin p\u00e9rdida de contenido o funcionalidad<\/li>\n\n\n\n<li>acceder al contenido en dispositivos de escritorio, tabletas y m\u00f3viles<\/li>\n\n\n\n<li>comprender la informaci\u00f3n presentada en un lenguaje claro y accesible siempre que sea posible<\/li>\n<\/ul>\n\n<h2 class=\"wp-block-heading\"><strong>Donde la accesibilidad puede variar<\/strong><\/h2>\n\n<p>Reconocemos que algunas partes de ELF Connect pueden no ser a\u00fan totalmente accesibles. Esto puede incluir: <\/p>\n\n<ul class=\"wp-block-list\">\n<li>algunos documentos descargables m\u00e1s antiguos<\/li>\n\n\n\n<li>archivos PDF o documentos de terceros proporcionados en su formato original<\/li>\n\n\n\n<li>herramientas o servicios de terceros incrustados<\/li>\n\n\n\n<li>contenido generado por el usuario, como publicaciones de la comunidad, comentarios o materiales compartidos<\/li>\n\n\n\n<li>algunos medios de audio, v\u00eddeo o visuales que a\u00fan no incluyen subt\u00edtulos completos, transcripciones o texto alternativo<\/li>\n<\/ul>\n\n<p>Nos comprometemos a mejorar estas \u00e1reas con el tiempo siempre que sea posible.<\/p>\n\n<h2 class=\"wp-block-heading\"><strong>Documentos descargables<\/strong><\/h2>\n\n<p>Siempre que sea posible, nuestro objetivo es proporcionar documentos en formatos accesibles.<\/p>\n\n<p>Sin embargo, algunos archivos descargables en ELF Connect, particularmente documentos m\u00e1s antiguos o archivos proporcionados por terceros, pueden no ser totalmente accesibles. Si necesita informaci\u00f3n de uno de estos documentos en un formato diferente, p\u00f3ngase en contacto con nosotros y haremos todo lo posible para proporcionar una alternativa accesible. <\/p>\n\n<h2 class=\"wp-block-heading\"><strong>Navegadores, dispositivos y tecnolog\u00eda de asistencia<\/strong><\/h2>\n\n<p>ELF Connect est\u00e1 dise\u00f1ado para funcionar con navegadores y dispositivos modernos de uso com\u00fan. Tambi\u00e9n nuestro objetivo es ser compatible con una variedad de tecnolog\u00edas de asistencia, incluidos lectores de pantalla, navegaci\u00f3n por teclado y herramientas de accesibilidad m\u00f3vil. <\/p>\n\n<p>A medida que la tecnolog\u00eda contin\u00faa evolucionando, seguiremos revisando y mejorando la compatibilidad siempre que sea posible.<\/p>\n\n<h2 class=\"wp-block-heading\"><strong>Informar de problemas de accesibilidad<\/strong><\/h2>\n\n<p>Si experimenta dificultades al usar ELF Connect, o encuentra alg\u00fan problema de accesibilidad no mencionado en esta declaraci\u00f3n, p\u00f3ngase en contacto con nosotros.<\/p>\n\n<p>Al <a href=\"https:\/\/elfconnect.eu\/es\/contactanos\/\" data-type=\"page\" data-id=\"220\">ponerse en contacto con nosotros<\/a>, es \u00fatil incluir:<\/p>\n\n<ul class=\"wp-block-list\">\n<li>la p\u00e1gina o funci\u00f3n que intentaba utilizar<\/li>\n\n\n\n<li>una descripci\u00f3n del problema<\/li>\n\n\n\n<li>el dispositivo, navegador o tecnolog\u00eda de asistencia que estaba utilizando, si es relevante<\/li>\n<\/ul>\n\n<p>Revisaremos sus comentarios y responderemos tan pronto como podamos.<\/p>\n\n<h2 class=\"wp-block-heading\"><strong>Mejora continua<\/strong><\/h2>\n\n<p>La accesibilidad es una parte continua del desarrollo de ELF Connect. Nos comprometemos a identificar barreras, aprender de los comentarios de los usuarios y realizar mejoras con el tiempo para ofrecer una mejor experiencia a todos los usuarios. <\/p>\n\n<h2 class=\"wp-block-heading\"><strong>Preparaci\u00f3n de esta declaraci\u00f3n<\/strong><\/h2>\n\n<p>Esta declaraci\u00f3n debe revisarse peri\u00f3dicamente y actualizarse para reflejar los cambios en la plataforma, su contenido y su funcionalidad.<\/p>\n","protected":false},"excerpt":{"rendered":"<p>Declaraci\u00f3n de accesibilidad de ELF Connect La Fundaci\u00f3n Europea del Pulm\u00f3n se compromete a hacer que ELF Connect sea lo m\u00e1s accesible e inclusivo posible&hellip;<\/p>\n","protected":false},"author":21,"featured_media":0,"parent":0,"menu_order":0,"comment_status":"closed","ping_status":"closed","template":"","meta":{"_acf_changed":false,"footnotes":""},"class_list":["post-2291","page","type-page","status-publish","hentry"],"acf":[],"_links":{"self":[{"href":"https:\/\/elfconnect.eu\/es\/wp-json\/wp\/v2\/pages\/2291","targetHints":{"allow":["GET"]}}],"collection":[{"href":"https:\/\/elfconnect.eu\/es\/wp-json\/wp\/v2\/pages"}],"about":[{"href":"https:\/\/elfconnect.eu\/es\/wp-json\/wp\/v2\/types\/page"}],"author":[{"embeddable":true,"href":"https:\/\/elfconnect.eu\/es\/wp-json\/wp\/v2\/users\/21"}],"replies":[{"embeddable":true,"href":"https:\/\/elfconnect.eu\/es\/wp-json\/wp\/v2\/comments?post=2291"}],"version-history":[{"count":1,"href":"https:\/\/elfconnect.eu\/es\/wp-json\/wp\/v2\/pages\/2291\/revisions"}],"predecessor-version":[{"id":2292,"href":"https:\/\/elfconnect.eu\/es\/wp-json\/wp\/v2\/pages\/2291\/revisions\/2292"}],"wp:attachment":[{"href":"https:\/\/elfconnect.eu\/es\/wp-json\/wp\/v2\/media?parent=2291"}],"curies":[{"name":"wp","href":"https:\/\/api.w.org\/{rel}","templated":true}]}}