{"id":2273,"date":"2026-04-20T10:20:23","date_gmt":"2026-04-20T09:20:23","guid":{"rendered":"https:\/\/elfconnect.eu\/barrierefreiheit\/"},"modified":"2026-04-20T10:21:25","modified_gmt":"2026-04-20T09:21:25","slug":"barrierefreiheit","status":"publish","type":"page","link":"https:\/\/elfconnect.eu\/de\/barrierefreiheit\/","title":{"rendered":"Barrierefreiheit"},"content":{"rendered":"\n<h2 class=\"wp-block-heading\"><strong>Erkl\u00e4rung zur Barrierefreiheit f\u00fcr ELF Connect<\/strong><\/h2>\n\n<p>Die <a href=\"http:\/\/www.europeanlung.org\">European Lung Foundation<\/a> setzt sich daf\u00fcr ein, ELF Connect f\u00fcr alle Nutzer so barrierefrei und inklusiv wie m\u00f6glich zu gestalten. Unser Ziel ist es, eine Plattform bereitzustellen, die auf einer Vielzahl von Ger\u00e4ten, Browsern und assistiven Technologien funktioniert. Wir werden die Barrierefreiheit im Zuge der Weiterentwicklung der Plattform kontinuierlich \u00fcberpr\u00fcfen und verbessern. <\/p>\n\n<p>Wir m\u00f6chten, dass so viele Menschen wie m\u00f6glich ELF Connect mit Zuversicht und Leichtigkeit nutzen k\u00f6nnen. Dazu geh\u00f6rt das Ziel, sicherzustellen, dass Nutzer: <\/p>\n\n<ul class=\"wp-block-list\">\n<li>den Gro\u00dfteil der Plattform mit einer Tastatur navigieren k\u00f6nnen<\/li>\n\n\n\n<li>die Plattform mit modernen Screenreadern und anderen assistiven Technologien nutzen k\u00f6nnen<\/li>\n\n\n\n<li>hineinzoomen k\u00f6nnen, ohne dass Inhalte oder Funktionen verloren gehen<\/li>\n\n\n\n<li>auf Inhalte \u00fcber Desktop-, Tablet- und Mobilger\u00e4te zugreifen k\u00f6nnen<\/li>\n\n\n\n<li>Informationen verstehen k\u00f6nnen, die, wo immer m\u00f6glich, in klarer und verst\u00e4ndlicher Sprache pr\u00e4sentiert werden<\/li>\n<\/ul>\n\n<h2 class=\"wp-block-heading\"><strong>Wo die Barrierefreiheit variieren kann<\/strong><\/h2>\n\n<p>Wir sind uns bewusst, dass einige Teile von ELF Connect noch nicht vollst\u00e4ndig barrierefrei sind. Dies kann Folgendes betreffen: <\/p>\n\n<ul class=\"wp-block-list\">\n<li>einige \u00e4ltere Dokumente zum Herunterladen<\/li>\n\n\n\n<li>PDF-Dateien oder Dokumente von Drittanbietern, die in ihrem Originalformat bereitgestellt werden<\/li>\n\n\n\n<li>eingebettete Tools oder Dienste von Drittanbietern<\/li>\n\n\n\n<li>nutzergenerierte Inhalte, wie Community-Beitr\u00e4ge, Kommentare oder geteilte Materialien<\/li>\n\n\n\n<li>einige Audio-, Video- oder visuelle Medien, die noch keine vollst\u00e4ndigen Untertitel, Transkripte oder Alternativtexte enthalten<\/li>\n<\/ul>\n\n<p>Wir setzen uns daf\u00fcr ein, diese Bereiche im Laufe der Zeit, wo immer m\u00f6glich, zu verbessern.<\/p>\n\n<h2 class=\"wp-block-heading\"><strong>Dokumente zum Herunterladen<\/strong><\/h2>\n\n<p>Wo m\u00f6glich, sind wir bestrebt, Dokumente in barrierefreien Formaten bereitzustellen.<\/p>\n\n<p>Einige herunterladbare Dateien auf ELF Connect, insbesondere \u00e4ltere Dokumente oder von Dritten zur Verf\u00fcgung gestellte Dateien, sind jedoch m\u00f6glicherweise nicht vollst\u00e4ndig barrierefrei. Wenn Sie Informationen aus einem dieser Dokumente in einem anderen Format ben\u00f6tigen, kontaktieren Sie uns bitte, und wir werden unser Bestes tun, um eine barrierefreie Alternative bereitzustellen. <\/p>\n\n<h2 class=\"wp-block-heading\"><strong>Browser, Ger\u00e4te und assistive Technologien<\/strong><\/h2>\n\n<p>ELF Connect ist so konzipiert, dass es mit g\u00e4ngigen modernen Browsern und Ger\u00e4ten funktioniert. Wir sind au\u00dferdem bestrebt, eine Reihe von assistiven Technologien zu unterst\u00fctzen, darunter Screenreader, Tastaturnavigation und mobile Barrierefreiheits-Tools. <\/p>\n\n<p>Da sich die Technologie st\u00e4ndig weiterentwickelt, werden wir die Kompatibilit\u00e4t weiterhin \u00fcberpr\u00fcfen und, wo m\u00f6glich, verbessern.<\/p>\n\n<h2 class=\"wp-block-heading\"><strong>Meldung von Barrierefreiheitsproblemen<\/strong><\/h2>\n\n<p>Wenn Sie Schwierigkeiten bei der Nutzung von ELF Connect haben oder auf Barrierefreiheitsprobleme sto\u00dfen, die nicht in dieser Erkl\u00e4rung aufgef\u00fchrt sind, kontaktieren Sie uns bitte.<\/p>\n\n<p>Wenn Sie <a href=\"https:\/\/elfconnect.eu\/de\/kontaktieren-sie-uns\/\" data-type=\"page\" data-id=\"220\">uns kontaktieren<\/a>, ist es hilfreich, Folgendes anzugeben:<\/p>\n\n<ul class=\"wp-block-list\">\n<li>die Seite oder Funktion, die Sie zu nutzen versucht haben<\/li>\n\n\n\n<li>eine Beschreibung des Problems<\/li>\n\n\n\n<li>das Ger\u00e4t, den Browser oder die assistive Technologie, die Sie verwendet haben, falls relevant<\/li>\n<\/ul>\n\n<p>Wir werden Ihr Feedback pr\u00fcfen und so schnell wie m\u00f6glich antworten.<\/p>\n\n<h2 class=\"wp-block-heading\"><strong>Kontinuierliche Verbesserung<\/strong><\/h2>\n\n<p>Barrierefreiheit ist ein fortlaufender Teil der Entwicklung von ELF Connect. Wir setzen uns daf\u00fcr ein, Barrieren zu identifizieren, aus dem Feedback der Nutzer zu lernen und im Laufe der Zeit Verbesserungen vorzunehmen, um eine bessere Erfahrung f\u00fcr alle Nutzer zu unterst\u00fctzen. <\/p>\n\n<h2 class=\"wp-block-heading\"><strong>Erstellung dieser Erkl\u00e4rung<\/strong><\/h2>\n\n<p>Diese Erkl\u00e4rung sollte regelm\u00e4\u00dfig \u00fcberpr\u00fcft und aktualisiert werden, um \u00c4nderungen an der Plattform, ihren Inhalten und ihrer Funktionalit\u00e4t widerzuspiegeln.<\/p>\n","protected":false},"excerpt":{"rendered":"<p>Erkl\u00e4rung zur Barrierefreiheit f\u00fcr ELF Connect Die European Lung Foundation setzt sich daf\u00fcr ein, ELF Connect f\u00fcr alle Nutzer so barrierefrei und inklusiv wie m\u00f6glich&hellip;<\/p>\n","protected":false},"author":21,"featured_media":0,"parent":0,"menu_order":0,"comment_status":"closed","ping_status":"closed","template":"","meta":{"_acf_changed":false,"footnotes":""},"class_list":["post-2273","page","type-page","status-publish","hentry"],"acf":[],"_links":{"self":[{"href":"https:\/\/elfconnect.eu\/de\/wp-json\/wp\/v2\/pages\/2273","targetHints":{"allow":["GET"]}}],"collection":[{"href":"https:\/\/elfconnect.eu\/de\/wp-json\/wp\/v2\/pages"}],"about":[{"href":"https:\/\/elfconnect.eu\/de\/wp-json\/wp\/v2\/types\/page"}],"author":[{"embeddable":true,"href":"https:\/\/elfconnect.eu\/de\/wp-json\/wp\/v2\/users\/21"}],"replies":[{"embeddable":true,"href":"https:\/\/elfconnect.eu\/de\/wp-json\/wp\/v2\/comments?post=2273"}],"version-history":[{"count":1,"href":"https:\/\/elfconnect.eu\/de\/wp-json\/wp\/v2\/pages\/2273\/revisions"}],"predecessor-version":[{"id":2274,"href":"https:\/\/elfconnect.eu\/de\/wp-json\/wp\/v2\/pages\/2273\/revisions\/2274"}],"wp:attachment":[{"href":"https:\/\/elfconnect.eu\/de\/wp-json\/wp\/v2\/media?parent=2273"}],"curies":[{"name":"wp","href":"https:\/\/api.w.org\/{rel}","templated":true}]}}