{"id":2269,"date":"2026-04-20T10:20:23","date_gmt":"2026-04-20T09:20:23","guid":{"rendered":"https:\/\/elfconnect.eu\/pristupnost\/"},"modified":"2026-04-20T10:21:15","modified_gmt":"2026-04-20T09:21:15","slug":"pristupnost","status":"publish","type":"page","link":"https:\/\/elfconnect.eu\/cs\/pristupnost\/","title":{"rendered":"P\u0159\u00edstupnost"},"content":{"rendered":"\n<h2 class=\"wp-block-heading\"><strong>Prohl\u00e1\u0161en\u00ed o p\u0159\u00edstupnosti pro ELF Connect<\/strong><\/h2>\n\n<p>Nadace <a href=\"http:\/\/www.europeanlung.org\">European Lung Foundation<\/a> se zav\u00e1zala k tomu, aby byla platforma ELF Connect co nejp\u0159\u00edstupn\u011bj\u0161\u00ed a nejinkluzivn\u011bj\u0161\u00ed pro v\u0161echny u\u017eivatele. Na\u0161\u00edm c\u00edlem je poskytovat platformu, kter\u00e1 funguje na \u0161irok\u00e9 \u0161k\u00e1le za\u0159\u00edzen\u00ed, prohl\u00ed\u017ee\u010d\u016f a asistivn\u00edch technologi\u00ed, a s rozvojem platformy nad\u00e1le revidujeme a zlep\u0161ujeme jej\u00ed p\u0159\u00edstupnost. <\/p>\n\n<p>Chceme, aby platformu ELF Connect mohlo s jistotou a lehkost\u00ed pou\u017e\u00edvat co nejv\u00edce lid\u00ed. To zahrnuje snahu zajistit, aby u\u017eivatel\u00e9 mohli: <\/p>\n\n<ul class=\"wp-block-list\">\n<li>proch\u00e1zet v\u011bt\u0161inu platformy pomoc\u00ed kl\u00e1vesnice<\/li>\n\n\n\n<li>pou\u017e\u00edvat platformu s modern\u00edmi \u010dte\u010dkami obrazovky a dal\u0161\u00edmi asistivn\u00edmi technologiemi<\/li>\n\n\n\n<li>p\u0159ibli\u017eovat obsah bez ztr\u00e1ty informac\u00ed nebo funk\u010dnosti<\/li>\n\n\n\n<li>p\u0159istupovat k obsahu na stoln\u00edch po\u010d\u00edta\u010d\u00edch, tabletech i mobiln\u00edch za\u0159\u00edzen\u00edch<\/li>\n\n\n\n<li>rozum\u011bt informac\u00edm prezentovan\u00fdm srozumiteln\u00fdm a p\u0159\u00edstupn\u00fdm jazykem, kdekoli je to mo\u017en\u00e9<\/li>\n<\/ul>\n\n<h2 class=\"wp-block-heading\"><strong>Kde se m\u016f\u017ee p\u0159\u00edstupnost li\u0161it<\/strong><\/h2>\n\n<p>Uv\u011bdomujeme si, \u017ee n\u011bkter\u00e9 \u010d\u00e1sti platformy ELF Connect nemus\u00ed b\u00fdt zat\u00edm pln\u011b p\u0159\u00edstupn\u00e9. To m\u016f\u017ee zahrnovat: <\/p>\n\n<ul class=\"wp-block-list\">\n<li>n\u011bkter\u00e9 star\u0161\u00ed dokumenty ke sta\u017een\u00ed<\/li>\n\n\n\n<li>soubory PDF nebo dokumenty t\u0159et\u00edch stran poskytovan\u00e9 v p\u016fvodn\u00edm form\u00e1tu<\/li>\n\n\n\n<li>vlo\u017een\u00e9 n\u00e1stroje nebo slu\u017eby t\u0159et\u00edch stran<\/li>\n\n\n\n<li>obsah generovan\u00fd u\u017eivateli, jako jsou p\u0159\u00edsp\u011bvky v komunit\u011b, koment\u00e1\u0159e nebo sd\u00edlen\u00e9 materi\u00e1ly<\/li>\n\n\n\n<li>n\u011bkter\u00e1 zvukov\u00e1, video nebo vizu\u00e1ln\u00ed m\u00e9dia, kter\u00e1 zat\u00edm nemus\u00ed obsahovat \u00fapln\u00e9 titulky, p\u0159episy nebo alternativn\u00ed texty<\/li>\n<\/ul>\n\n<p>Zavazujeme se tyto oblasti v pr\u016fb\u011bhu \u010dasu a v r\u00e1mci mo\u017enost\u00ed vylep\u0161ovat.<\/p>\n\n<h2 class=\"wp-block-heading\"><strong>Dokumenty ke sta\u017een\u00ed<\/strong><\/h2>\n\n<p>Kde je to mo\u017en\u00e9, sna\u017e\u00edme se poskytovat dokumenty v p\u0159\u00edstupn\u00fdch form\u00e1tech.<\/p>\n\n<p>N\u011bkter\u00e9 soubory ke sta\u017een\u00ed na platform\u011b ELF Connect, zejm\u00e9na star\u0161\u00ed dokumenty nebo soubory dodan\u00e9 t\u0159et\u00edmi stranami, v\u0161ak nemus\u00ed b\u00fdt pln\u011b p\u0159\u00edstupn\u00e9. Pokud pot\u0159ebujete informace z n\u011bkter\u00e9ho z t\u011bchto dokument\u016f v jin\u00e9m form\u00e1tu, kontaktujte n\u00e1s pros\u00edm a my se vynasna\u017e\u00edme poskytnout p\u0159\u00edstupnou alternativu. <\/p>\n\n<h2 class=\"wp-block-heading\"><strong>Prohl\u00ed\u017ee\u010de, za\u0159\u00edzen\u00ed a asistivn\u00ed technologie<\/strong><\/h2>\n\n<p>Platforma ELF Connect je navr\u017eena tak, aby fungovala s b\u011b\u017en\u011b pou\u017e\u00edvan\u00fdmi modern\u00edmi prohl\u00ed\u017ee\u010di a za\u0159\u00edzen\u00edmi. Na\u0161\u00edm c\u00edlem je tak\u00e9 podporovat \u0159adu asistivn\u00edch technologi\u00ed, v\u010detn\u011b \u010dte\u010dek obrazovky, navigace pomoc\u00ed kl\u00e1vesnice a mobiln\u00edch n\u00e1stroj\u016f pro usnadn\u011bn\u00ed p\u0159\u00edstupu. <\/p>\n\n<p>Vzhledem k neust\u00e1l\u00e9mu v\u00fdvoji technologi\u00ed budeme i nad\u00e1le revidovat a v r\u00e1mci mo\u017enost\u00ed zlep\u0161ovat kompatibilitu.<\/p>\n\n<h2 class=\"wp-block-heading\"><strong>Hl\u00e1\u0161en\u00ed probl\u00e9m\u016f s p\u0159\u00edstupnost\u00ed<\/strong><\/h2>\n\n<p>Pokud naraz\u00edte na pot\u00ed\u017ee p\u0159i pou\u017e\u00edv\u00e1n\u00ed platformy ELF Connect nebo zjist\u00edte jak\u00e9koli probl\u00e9my s p\u0159\u00edstupnost\u00ed, kter\u00e9 nejsou uvedeny v tomto prohl\u00e1\u0161en\u00ed, kontaktujte n\u00e1s pros\u00edm.<\/p>\n\n<p>P\u0159i <a href=\"https:\/\/elfconnect.eu\/cs\/kontaktuj-nas\/\" data-type=\"page\" data-id=\"220\">kontaktov\u00e1n\u00ed<\/a> je u\u017eite\u010dn\u00e9 uv\u00e9st:<\/p>\n\n<ul class=\"wp-block-list\">\n<li>str\u00e1nku nebo funkci, kterou jste se pokou\u0161eli pou\u017e\u00edt<\/li>\n\n\n\n<li>popis probl\u00e9mu<\/li>\n\n\n\n<li>za\u0159\u00edzen\u00ed, prohl\u00ed\u017ee\u010d nebo asistivn\u00ed technologii, kterou jste pou\u017e\u00edvali (pokud je to relevantn\u00ed)<\/li>\n<\/ul>\n\n<p>Va\u0161i zp\u011btnou vazbu prov\u011b\u0159\u00edme a odpov\u00edme v\u00e1m co nejd\u0159\u00edve.<\/p>\n\n<h2 class=\"wp-block-heading\"><strong>Pr\u016fb\u011b\u017en\u00e9 zlep\u0161ov\u00e1n\u00ed<\/strong><\/h2>\n\n<p>P\u0159\u00edstupnost je trvalou sou\u010d\u00e1st\u00ed v\u00fdvoje platformy ELF Connect. Zavazujeme se k identifikaci bari\u00e9r, u\u010den\u00ed se ze zp\u011btn\u00e9 vazby u\u017eivatel\u016f a postupn\u00e9mu prov\u00e1d\u011bn\u00ed vylep\u0161en\u00ed, abychom podpo\u0159ili lep\u0161\u00ed zku\u0161enost pro v\u0161echny u\u017eivatele. <\/p>\n\n<h2 class=\"wp-block-heading\"><strong>P\u0159\u00edprava tohoto prohl\u00e1\u0161en\u00ed<\/strong><\/h2>\n\n<p>Toto prohl\u00e1\u0161en\u00ed by m\u011blo b\u00fdt pravideln\u011b revidov\u00e1no a aktualizov\u00e1no tak, aby odr\u00e1\u017eelo zm\u011bny v platform\u011b, jej\u00edm obsahu a funk\u010dnosti.<\/p>\n","protected":false},"excerpt":{"rendered":"<p>Prohl\u00e1\u0161en\u00ed o p\u0159\u00edstupnosti pro ELF Connect Nadace European Lung Foundation se zav\u00e1zala k tomu, aby byla platforma ELF Connect co nejp\u0159\u00edstupn\u011bj\u0161\u00ed a nejinkluzivn\u011bj\u0161\u00ed pro v\u0161echny&hellip;<\/p>\n","protected":false},"author":21,"featured_media":0,"parent":0,"menu_order":0,"comment_status":"closed","ping_status":"closed","template":"","meta":{"_acf_changed":false,"footnotes":""},"class_list":["post-2269","page","type-page","status-publish","hentry"],"acf":[],"_links":{"self":[{"href":"https:\/\/elfconnect.eu\/cs\/wp-json\/wp\/v2\/pages\/2269","targetHints":{"allow":["GET"]}}],"collection":[{"href":"https:\/\/elfconnect.eu\/cs\/wp-json\/wp\/v2\/pages"}],"about":[{"href":"https:\/\/elfconnect.eu\/cs\/wp-json\/wp\/v2\/types\/page"}],"author":[{"embeddable":true,"href":"https:\/\/elfconnect.eu\/cs\/wp-json\/wp\/v2\/users\/21"}],"replies":[{"embeddable":true,"href":"https:\/\/elfconnect.eu\/cs\/wp-json\/wp\/v2\/comments?post=2269"}],"version-history":[{"count":1,"href":"https:\/\/elfconnect.eu\/cs\/wp-json\/wp\/v2\/pages\/2269\/revisions"}],"predecessor-version":[{"id":2270,"href":"https:\/\/elfconnect.eu\/cs\/wp-json\/wp\/v2\/pages\/2269\/revisions\/2270"}],"wp:attachment":[{"href":"https:\/\/elfconnect.eu\/cs\/wp-json\/wp\/v2\/media?parent=2269"}],"curies":[{"name":"wp","href":"https:\/\/api.w.org\/{rel}","templated":true}]}}